{"id":2,"date":"2023-06-27T08:57:35","date_gmt":"2023-06-27T06:57:35","guid":{"rendered":"http:\/\/alf11.fr\/?page_id=2"},"modified":"2024-09-09T22:24:44","modified_gmt":"2024-09-09T20:24:44","slug":"comite-dusagers","status":"publish","type":"page","link":"https:\/\/alf11.fr\/index.php\/comite-dusagers\/","title":{"rendered":"Comit\u00e9 d&rsquo;usagers"},"content":{"rendered":"\n<h3 class=\"wp-block-heading\">Ensemble, nous nous ferons entendre !<\/h3>\n\n\n\n<p>Le comit\u00e9 d\u2019usagers de l\u2019ALF fait entendre la voix des usagers des lignes train et bus en vall\u00e9e de l\u2019Aude.<\/p>\n\n\n\n<p>Retards, dessertes non assur\u00e9es, horaires non adapt\u00e9s, informations erron\u00e9es\u2026 Faites nous remonter vos remarques afin qu&rsquo;elles soient entendues !<\/p>\n\n\n\n<p>Nous portons aupr\u00e8s de la r\u00e9gion et de la SNCF vos remarques d&rsquo;usagers des lignes :<\/p>\n\n\n\n<ul class=\"wp-block-list\">\n<li>train Carcassonne &#8211; Limoux<\/li>\n\n\n\n<li>bus 402 Carcassonne &#8211; Limoux &#8211; Quillan &#8211; Axat<\/li>\n\n\n\n<li>bus 500 Quillan &#8211; Perpignan<\/li>\n<\/ul>\n\n\n\n<p>Nous \u00e9crire \u00e0 <a href=\"mailto:alf11@mailo.com\">alf11@mailo.com<\/a><\/p>\n\n\n\n<div data-wp-interactive=\"core\/file\" class=\"wp-block-file\"><object data-wp-bind--hidden=\"!state.hasPdfPreview\" hidden class=\"wp-block-file__embed\" data=\"https:\/\/alf11.fr\/wp-content\/uploads\/2024\/09\/24_07-Comite-usagers-ALF.pdf\" type=\"application\/pdf\" style=\"width:100%;height:600px\" aria-label=\"Contenu embarqu\u00e9 24_07 Comit\u00e9 usagers ALF.\"><\/object><a id=\"wp-block-file--media-d9d1ec13-9360-4067-ba0a-2b037353eb37\" href=\"https:\/\/alf11.fr\/wp-content\/uploads\/2024\/09\/24_07-Comite-usagers-ALF.pdf\">24_07 Comit\u00e9 usagers ALF<\/a><a href=\"https:\/\/alf11.fr\/wp-content\/uploads\/2024\/09\/24_07-Comite-usagers-ALF.pdf\" class=\"wp-block-file__button wp-element-button\" download aria-describedby=\"wp-block-file--media-d9d1ec13-9360-4067-ba0a-2b037353eb37\">T\u00e9l\u00e9charger<\/a><\/div>\n\n\n\n<p><\/p>\n\n\n\n<p><a href=\"https:\/\/alf11.fr\/wp-content\/uploads\/2024\/02\/24_02-Comite-usagers-ALF.pdf\" data-type=\"attachment\" data-id=\"123\">2024 F\u00e9vrier &#8211; Comit\u00e9 d&rsquo;usagers<\/a><\/p>\n\n\n\n<p><a href=\"https:\/\/alf11.fr\/wp-content\/uploads\/2023\/07\/23_06-Comite-usagers-ALF.pdf\" target=\"_blank\" rel=\"noreferrer noopener\">2023 Juin &#8211; Comit\u00e9 d&rsquo;usagers<\/a><\/p>\n\n\n\n<p><\/p>\n","protected":false},"excerpt":{"rendered":"<p>Ensemble, nous nous ferons entendre ! Le comit\u00e9 d\u2019usagers de l\u2019ALF fait entendre la voix des usagers des lignes train et bus en vall\u00e9e de l\u2019Aude. Retards, dessertes non assur\u00e9es, horaires non adapt\u00e9s, informations erron\u00e9es\u2026 Faites nous remonter vos remarques afin qu&rsquo;elles soient entendues ! Nous portons aupr\u00e8s de la r\u00e9gion et de la SNCF&hellip;&nbsp;<a href=\"https:\/\/alf11.fr\/index.php\/comite-dusagers\/\" rel=\"bookmark\">Lire la suite &raquo;<span class=\"screen-reader-text\">Comit\u00e9 d&rsquo;usagers<\/span><\/a><\/p>\n","protected":false},"author":1,"featured_media":0,"parent":0,"menu_order":0,"comment_status":"closed","ping_status":"closed","template":"","meta":{"neve_meta_sidebar":"","neve_meta_container":"","neve_meta_enable_content_width":"","neve_meta_content_width":0,"neve_meta_title_alignment":"","neve_meta_author_avatar":"","neve_post_elements_order":"","neve_meta_disable_header":"","neve_meta_disable_footer":"","neve_meta_disable_title":"","footnotes":""},"class_list":["post-2","page","type-page","status-publish","hentry"],"_links":{"self":[{"href":"https:\/\/alf11.fr\/index.php\/wp-json\/wp\/v2\/pages\/2","targetHints":{"allow":["GET"]}}],"collection":[{"href":"https:\/\/alf11.fr\/index.php\/wp-json\/wp\/v2\/pages"}],"about":[{"href":"https:\/\/alf11.fr\/index.php\/wp-json\/wp\/v2\/types\/page"}],"author":[{"embeddable":true,"href":"https:\/\/alf11.fr\/index.php\/wp-json\/wp\/v2\/users\/1"}],"replies":[{"embeddable":true,"href":"https:\/\/alf11.fr\/index.php\/wp-json\/wp\/v2\/comments?post=2"}],"version-history":[{"count":12,"href":"https:\/\/alf11.fr\/index.php\/wp-json\/wp\/v2\/pages\/2\/revisions"}],"predecessor-version":[{"id":145,"href":"https:\/\/alf11.fr\/index.php\/wp-json\/wp\/v2\/pages\/2\/revisions\/145"}],"wp:attachment":[{"href":"https:\/\/alf11.fr\/index.php\/wp-json\/wp\/v2\/media?parent=2"}],"curies":[{"name":"wp","href":"https:\/\/api.w.org\/{rel}","templated":true}]}}